{"id":11512,"date":"2025-02-28T12:16:50","date_gmt":"2025-02-28T11:16:50","guid":{"rendered":"https:\/\/closmontblanc.com\/?post_type=product&#038;p=11512"},"modified":"2025-03-01T12:32:30","modified_gmt":"2025-03-01T11:32:30","slug":"unic-garnatxa-blanca","status":"publish","type":"product","link":"https:\/\/closmontblanc.com\/ca\/celler\/producte-unic\/unic-garnatxa-blanca\/","title":{"rendered":"\u00daNIC GARNATXA BLANCA 2024"},"content":{"rendered":"<div class=\"fusion-fullwidth fullwidth-box fusion-builder-row-1 fusion-flex-container nonhundred-percent-fullwidth non-hundred-percent-height-scrolling\" style=\"--awb-border-radius-top-left:0px;--awb-border-radius-top-right:0px;--awb-border-radius-bottom-right:0px;--awb-border-radius-bottom-left:0px;--awb-flex-wrap:wrap;\" ><div class=\"fusion-builder-row fusion-row fusion-flex-align-items-flex-start fusion-flex-content-wrap\" style=\"max-width:1216.8px;margin-left: calc(-4% \/ 2 );margin-right: calc(-4% \/ 2 );\"><div class=\"fusion-layout-column fusion_builder_column fusion-builder-column-0 fusion_builder_column_1_1 1_1 fusion-flex-column\" style=\"--awb-bg-blend:overlay;--awb-bg-size:cover;--awb-width-large:100%;--awb-margin-top-large:0px;--awb-spacing-right-large:1.92%;--awb-margin-bottom-large:0px;--awb-spacing-left-large:1.92%;--awb-width-medium:100%;--awb-spacing-right-medium:1.92%;--awb-spacing-left-medium:1.92%;--awb-width-small:100%;--awb-spacing-right-small:1.92%;--awb-spacing-left-small:1.92%;\"><div class=\"fusion-column-wrapper fusion-flex-justify-content-flex-start fusion-content-layout-column\"><div class=\"fusion-text fusion-text-1\"><div id=\"contenidorDescripcio\">\n<h2><strong>Un vi distintiu amb una gran personalitat<\/strong><\/h2>\n<p><strong>Vinificaci\u00f3 i crian\u00e7a<\/strong><br \/>\nMicrovinificaci\u00f3 en tanc d\u2019acer inoxidable de 1.000 litres a baixes temperatures per mantenir les aromes.<\/p>\n<p><strong>Nota de tast<br \/>\n<\/strong>Color groc p\u00e0l\u00b7lid amb tons verdosos. Brillant i net, aroma intensa, tons de fruita madura i nota caracter\u00edstica de ginesta. En boca, \u00e9s c\u00e0lid i persistent.<\/p>\n<p><strong>Tipus de vinya<\/strong><br \/>\nVinyes velles de m\u00e9s de 60 anys, en vas, a una altitud de 600 metres.<\/p>\n<div><\/div>\n<\/div>\n<\/div><\/div><\/div><\/div><\/div>\n","protected":false},"excerpt":{"rendered":"<div class=\"DefinicioCurta\">[fusion_global id=\"11539\"]<\/div>\n","protected":false},"featured_media":11516,"template":"","meta":{"_acf_changed":false},"product_brand":[],"product_cat":[334,104],"product_tag":[161,186,188,160,189,187],"class_list":{"0":"post-11512","1":"product","2":"type-product","3":"status-publish","4":"has-post-thumbnail","6":"product_cat-producte-unic","7":"product_cat-vins","8":"product_tag-clos-montblanc-ca","9":"product_tag-d-o-catalunya-ca","10":"product_tag-garnatxa-blanca","11":"product_tag-masia-les-comes-ca","12":"product_tag-vi-blanc-jove","13":"product_tag-vi-de-agricultura-sostenible","14":"product_shipping_class-seur-ca","16":"first","17":"instock","18":"taxable","19":"shipping-taxable","20":"product-type-simple"},"acf":[],"_links":{"self":[{"href":"https:\/\/closmontblanc.com\/ca\/wp-json\/wp\/v2\/product\/11512","targetHints":{"allow":["GET"]}}],"collection":[{"href":"https:\/\/closmontblanc.com\/ca\/wp-json\/wp\/v2\/product"}],"about":[{"href":"https:\/\/closmontblanc.com\/ca\/wp-json\/wp\/v2\/types\/product"}],"wp:featuredmedia":[{"embeddable":true,"href":"https:\/\/closmontblanc.com\/ca\/wp-json\/wp\/v2\/media\/11516"}],"wp:attachment":[{"href":"https:\/\/closmontblanc.com\/ca\/wp-json\/wp\/v2\/media?parent=11512"}],"wp:term":[{"taxonomy":"product_brand","embeddable":true,"href":"https:\/\/closmontblanc.com\/ca\/wp-json\/wp\/v2\/product_brand?post=11512"},{"taxonomy":"product_cat","embeddable":true,"href":"https:\/\/closmontblanc.com\/ca\/wp-json\/wp\/v2\/product_cat?post=11512"},{"taxonomy":"product_tag","embeddable":true,"href":"https:\/\/closmontblanc.com\/ca\/wp-json\/wp\/v2\/product_tag?post=11512"}],"curies":[{"name":"wp","href":"https:\/\/api.w.org\/{rel}","templated":true}]}}