{"id":11930,"date":"2025-12-09T16:06:37","date_gmt":"2025-12-09T15:06:37","guid":{"rendered":"https:\/\/closmontblanc.com\/?post_type=product&#038;p=11930"},"modified":"2025-12-14T23:30:34","modified_gmt":"2025-12-14T22:30:34","slug":"essencia-de-la-conca","status":"publish","type":"product","link":"https:\/\/closmontblanc.com\/ca\/celler\/seleccio\/essencia-de-la-conca\/","title":{"rendered":"L&#8217;ESS\u00c8NCIA DE LA CONCA"},"content":{"rendered":"","protected":false},"excerpt":{"rendered":"<p>Aquest lot reuneix vins que neixen de la nostra manera m\u00e9s genu\u00efna d\u2019entendre el vi: elaboracions tradicionals, respectuoses amb el temps i amb la terra que les fa possibles.<br \/>\nAmb varietats majorit\u00e0riament locals , aquests vins s\u00f3n un homenatge al paisatge, al clima i al car\u00e0cter de la Conca. Cadascuna de les ampolles reflecteix la saviesa de generacions i la voluntat de preservar una identitat vin\u00edcola \u00fanica.<\/p>\n<p><strong>2 x Xipella. <\/strong>Persistent, amable i gol\u00f3s.<\/p>\n<p><strong>2 x Xipella Blanc. <\/strong>\u00a0Frescor de fruita blanca.<\/p>\n<p><strong>1 x Clos Montblanc Origen. <\/strong>Fruita negra i textura vellutada.<\/p>\n<p><strong>1 x Garrut &#8211; Trepat. <\/strong>\u00a0Fresc amb un afruitat c\u00edtric.<\/p>\n","protected":false},"featured_media":14012,"template":"","meta":{"_acf_changed":false},"product_brand":[],"product_cat":[321],"product_tag":[],"class_list":{"0":"post-11930","1":"product","2":"type-product","3":"status-publish","4":"has-post-thumbnail","6":"product_cat-seleccio","8":"first","9":"instock","10":"sale","11":"taxable","12":"shipping-taxable","13":"product-type-simple"},"acf":[],"_links":{"self":[{"href":"https:\/\/closmontblanc.com\/ca\/wp-json\/wp\/v2\/product\/11930","targetHints":{"allow":["GET"]}}],"collection":[{"href":"https:\/\/closmontblanc.com\/ca\/wp-json\/wp\/v2\/product"}],"about":[{"href":"https:\/\/closmontblanc.com\/ca\/wp-json\/wp\/v2\/types\/product"}],"wp:featuredmedia":[{"embeddable":true,"href":"https:\/\/closmontblanc.com\/ca\/wp-json\/wp\/v2\/media\/14012"}],"wp:attachment":[{"href":"https:\/\/closmontblanc.com\/ca\/wp-json\/wp\/v2\/media?parent=11930"}],"wp:term":[{"taxonomy":"product_brand","embeddable":true,"href":"https:\/\/closmontblanc.com\/ca\/wp-json\/wp\/v2\/product_brand?post=11930"},{"taxonomy":"product_cat","embeddable":true,"href":"https:\/\/closmontblanc.com\/ca\/wp-json\/wp\/v2\/product_cat?post=11930"},{"taxonomy":"product_tag","embeddable":true,"href":"https:\/\/closmontblanc.com\/ca\/wp-json\/wp\/v2\/product_tag?post=11930"}],"curies":[{"name":"wp","href":"https:\/\/api.w.org\/{rel}","templated":true}]}}