{"id":11969,"date":"2025-12-09T17:02:26","date_gmt":"2025-12-09T16:02:26","guid":{"rendered":"https:\/\/closmontblanc.com\/cellar\/sense%20categoria\/vins-unics\/"},"modified":"2025-12-09T17:14:09","modified_gmt":"2025-12-09T16:14:09","slug":"vins-unics","status":"publish","type":"product","link":"https:\/\/closmontblanc.com\/ca\/celler\/seleccio\/vins-unics\/","title":{"rendered":"VINS \u00daNICS"},"content":{"rendered":"","protected":false},"excerpt":{"rendered":"<p>Aquest lot reuneix diversos vins monovarietals que expressen la puresa de cadascuna de les varietats internacionals amb qu\u00e8 treballem interpretades des de la singularitat del nostre terrer: el car\u00e0cter mediterrani, la frescor de les nostres vinyes i la personalitat del s\u00f2l que les nodreix.<br \/>\nEl resultat s\u00f3n vins que combinen eleg\u00e0ncia i autenticitat, on cada ampolla parla amb veu pr\u00f2pia per\u00f2 comparteix una mateixa identitat.<br \/>\nUn recorregut pel nostre paisatge i la nostra manera d\u2019entendre el vi, varietat a varietat.<\/p>\n<p><strong>1 x \u00danic Sauvignon Blanc. <\/strong>Vi org\u00e0nic de notes c\u00edtriques.<\/p>\n<p><strong>1 x \u00danic Garnatxa Blanca. <\/strong>Flors i fruita blanca.<\/p>\n<p><strong>1 x \u00danic Chardonnay. <\/strong>Rod\u00f3, sed\u00f3s i elegant.<\/p>\n<p><strong>1 x \u00danic Pinot Noir. <\/strong>Mineral, notes de confitura de prunes.<\/p>\n<p><strong>1 x \u00danic Merlot. <\/strong>Crem\u00f3s amb notes de fruita madura.<\/p>\n<p><strong>1 x \u00danic Syrah. F<\/strong>ruita negra amb notes especiades.<\/p>\n","protected":false},"featured_media":11972,"template":"","meta":{"_acf_changed":false},"product_brand":[],"product_cat":[321],"product_tag":[],"class_list":{"0":"post-11969","1":"product","2":"type-product","3":"status-publish","4":"has-post-thumbnail","6":"product_cat-seleccio","8":"first","9":"instock","10":"sale","11":"taxable","12":"shipping-taxable","13":"product-type-simple"},"acf":[],"_links":{"self":[{"href":"https:\/\/closmontblanc.com\/ca\/wp-json\/wp\/v2\/product\/11969","targetHints":{"allow":["GET"]}}],"collection":[{"href":"https:\/\/closmontblanc.com\/ca\/wp-json\/wp\/v2\/product"}],"about":[{"href":"https:\/\/closmontblanc.com\/ca\/wp-json\/wp\/v2\/types\/product"}],"wp:featuredmedia":[{"embeddable":true,"href":"https:\/\/closmontblanc.com\/ca\/wp-json\/wp\/v2\/media\/11972"}],"wp:attachment":[{"href":"https:\/\/closmontblanc.com\/ca\/wp-json\/wp\/v2\/media?parent=11969"}],"wp:term":[{"taxonomy":"product_brand","embeddable":true,"href":"https:\/\/closmontblanc.com\/ca\/wp-json\/wp\/v2\/product_brand?post=11969"},{"taxonomy":"product_cat","embeddable":true,"href":"https:\/\/closmontblanc.com\/ca\/wp-json\/wp\/v2\/product_cat?post=11969"},{"taxonomy":"product_tag","embeddable":true,"href":"https:\/\/closmontblanc.com\/ca\/wp-json\/wp\/v2\/product_tag?post=11969"}],"curies":[{"name":"wp","href":"https:\/\/api.w.org\/{rel}","templated":true}]}}