{"id":3838,"date":"2019-05-28T13:51:23","date_gmt":"2019-05-28T13:51:23","guid":{"rendered":"https:\/\/store.closmontblanc.com\/cellar\/Sense%20categoria\/inici-2016-3\/"},"modified":"2024-12-03T12:00:39","modified_gmt":"2024-12-03T11:00:39","slug":"inici","status":"publish","type":"product","link":"https:\/\/closmontblanc.com\/ca\/celler\/producte-especial\/inici\/","title":{"rendered":"INICI 2019"},"content":{"rendered":"<p><Div id=\"contenidorDescripcio\"><\/p>\n<h2><strong>Un vi amb 300 anys de tradici\u00f3<\/strong><\/h2>\n<p><strong>Vinificaci\u00f3 i crian\u00e7a<\/strong><br \/>\nRa\u00efm seleccionat. Fermentaci\u00f3 en un cup de cairons que data de l\u2019origen del celler (s. XVIII). El vi s\u2019elabora de la mateixa manera que s\u2019ha fet durant centenars d\u2019anys, sense control de temperatura ni additius. Despr\u00e9s de la maceraci\u00f3, el vi es transfereix a botes de roure franc\u00e8s de 18 a 24 mesos per a la seva crian\u00e7a.<br \/>\n<strong>Nota de tast<br \/>\n<\/strong>Color porpra vermell\u00f3s, net i brillant. Aroma complexa (fruita negra, esp\u00e8cies). En boca, es nota ampli, rod\u00f3 i amb bona estructura. Persist\u00e8ncia llarga.<br \/>\n<strong>Tipus de vinya<\/strong><br \/>\nVessants a una altitud de 700 metres. Proc\u00e9s natural de fermentaci\u00f3.<\/p>\n<p><b>Vi d&#8217;autor amb una producci\u00f3 de 3.000 ampolles enumerades i signades.<\/b><\/p>\n<div>\n","protected":false},"excerpt":{"rendered":"[fusion_global id=\"3834\"]\n","protected":false},"featured_media":7820,"template":"","meta":{"_acf_changed":false},"product_brand":[],"product_cat":[331,104],"product_tag":[137,131,144,132,134],"class_list":{"0":"post-3838","1":"product","2":"type-product","3":"status-publish","4":"has-post-thumbnail","6":"product_cat-producte-especial","7":"product_cat-vins","8":"product_tag-garnatxa-i-cabernet-sauvignon-ca","9":"product_tag-inici-ca","10":"product_tag-sense-d-o","11":"product_tag-vi-dautor","12":"product_tag-vi-ecologic","13":"product_shipping_class-seur-ca","15":"first","16":"instock","17":"taxable","18":"shipping-taxable","19":"product-type-simple"},"acf":[],"_links":{"self":[{"href":"https:\/\/closmontblanc.com\/ca\/wp-json\/wp\/v2\/product\/3838","targetHints":{"allow":["GET"]}}],"collection":[{"href":"https:\/\/closmontblanc.com\/ca\/wp-json\/wp\/v2\/product"}],"about":[{"href":"https:\/\/closmontblanc.com\/ca\/wp-json\/wp\/v2\/types\/product"}],"wp:featuredmedia":[{"embeddable":true,"href":"https:\/\/closmontblanc.com\/ca\/wp-json\/wp\/v2\/media\/7820"}],"wp:attachment":[{"href":"https:\/\/closmontblanc.com\/ca\/wp-json\/wp\/v2\/media?parent=3838"}],"wp:term":[{"taxonomy":"product_brand","embeddable":true,"href":"https:\/\/closmontblanc.com\/ca\/wp-json\/wp\/v2\/product_brand?post=3838"},{"taxonomy":"product_cat","embeddable":true,"href":"https:\/\/closmontblanc.com\/ca\/wp-json\/wp\/v2\/product_cat?post=3838"},{"taxonomy":"product_tag","embeddable":true,"href":"https:\/\/closmontblanc.com\/ca\/wp-json\/wp\/v2\/product_tag?post=3838"}],"curies":[{"name":"wp","href":"https:\/\/api.w.org\/{rel}","templated":true}]}}