{"id":3852,"date":"2019-05-29T17:34:16","date_gmt":"2019-05-29T17:34:16","guid":{"rendered":"https:\/\/store.closmontblanc.com\/?post_type=product&#038;p=3852"},"modified":"2024-03-10T03:14:13","modified_gmt":"2024-03-10T02:14:13","slug":"masia-les-comes","status":"publish","type":"product","link":"https:\/\/closmontblanc.com\/ca\/celler\/producte-especial\/masia-les-comes\/","title":{"rendered":"MASIA LES COMES 2017"},"content":{"rendered":"<div id=\"contenidorDescripcio\">\n<h2><strong>L&#8217;origen de Clos Montblanc en un vi<\/strong><\/h2>\n<p>Masia les Comes \u00e9s el nom que rep la casa original de la fam\u00edlia Carbonell. El 1988 es va decidir plantar 6 hect\u00e0rees de cabernet sauvignon i 4 hect\u00e0rees de merlot amb la intenci\u00f3 de produir el nostre Clos Montblanc Reserva.<strong><br \/>\nVinificaci\u00f3 i crian\u00e7a<\/strong><br \/>\nEl ra\u00efm fermenta en dip\u00f2sits d\u2019acer inoxidable a temperatura controlada entre 25 i 28\u00baC. Despr\u00e9s de la maceraci\u00f3 amb les pells, el vi s\u2019envelleix en botes de roure franc\u00e8s i americ\u00e0 entre 18 i 24 mesos.<br \/>\n<strong>Nota de tast<br \/>\n<\/strong>Color <span class=\"SpellE\">porpra<\/span> <span class=\"SpellE\">vermell\u00f3s<\/span>, net i <span class=\"SpellE\">brillant<\/span>. Aroma <span class=\"SpellE\">complexa<\/span> <span class=\"GramE\">(<span class=\"SpellE\">tabac<\/span><\/span>, <span class=\"SpellE\">fruita<\/span> negra, <span class=\"SpellE\">caf\u00e8<\/span>, torba). En boca, es nota <span class=\"SpellE\">ampli<\/span>, rod\u00f3 i de bona estructura. <span class=\"SpellE\">Persist\u00e8ncia<\/span> <span class=\"SpellE\">llarga<\/span>.<br \/>\n<b><strong>Tipus de vinya<br \/>\n<\/strong>Vinyes de 30 anys en vessants a una altitud de 700 metres.<\/b><\/p>\n<div><\/div>\n<\/div>\n","protected":false},"excerpt":{"rendered":"<div class=\"DefinicioCurta\">\n[fusion_global id=\"3871\"]<\/div>\n","protected":false},"featured_media":11448,"template":"","meta":{"_acf_changed":false},"product_brand":[],"product_cat":[331,104],"product_tag":[161,171,133,162,135,163,160,134,159,172],"class_list":{"0":"post-3852","1":"product","2":"type-product","3":"status-publish","4":"has-post-thumbnail","6":"product_cat-producte-especial","7":"product_cat-vins","8":"product_tag-clos-montblanc-ca","9":"product_tag-clos-montblanc-reserva-ca","10":"product_tag-d-o-conca-de-barbera-ca","11":"product_tag-familia-carbonell-ca","12":"product_tag-garnatxa-i-cabernet-sauvignon","13":"product_tag-maceracio-amb-les-pells","14":"product_tag-masia-les-comes-ca","15":"product_tag-vi-ecologic","16":"product_tag-vi-negre","17":"product_tag-vi-reserva","18":"product_shipping_class-seur-ca","20":"first","21":"instock","22":"taxable","23":"shipping-taxable","24":"product-type-simple"},"acf":[],"_links":{"self":[{"href":"https:\/\/closmontblanc.com\/ca\/wp-json\/wp\/v2\/product\/3852","targetHints":{"allow":["GET"]}}],"collection":[{"href":"https:\/\/closmontblanc.com\/ca\/wp-json\/wp\/v2\/product"}],"about":[{"href":"https:\/\/closmontblanc.com\/ca\/wp-json\/wp\/v2\/types\/product"}],"wp:featuredmedia":[{"embeddable":true,"href":"https:\/\/closmontblanc.com\/ca\/wp-json\/wp\/v2\/media\/11448"}],"wp:attachment":[{"href":"https:\/\/closmontblanc.com\/ca\/wp-json\/wp\/v2\/media?parent=3852"}],"wp:term":[{"taxonomy":"product_brand","embeddable":true,"href":"https:\/\/closmontblanc.com\/ca\/wp-json\/wp\/v2\/product_brand?post=3852"},{"taxonomy":"product_cat","embeddable":true,"href":"https:\/\/closmontblanc.com\/ca\/wp-json\/wp\/v2\/product_cat?post=3852"},{"taxonomy":"product_tag","embeddable":true,"href":"https:\/\/closmontblanc.com\/ca\/wp-json\/wp\/v2\/product_tag?post=3852"}],"curies":[{"name":"wp","href":"https:\/\/api.w.org\/{rel}","templated":true}]}}