{"id":3901,"date":"2019-05-30T21:59:09","date_gmt":"2019-05-30T21:59:09","guid":{"rendered":"https:\/\/store.closmontblanc.com\/?post_type=product&#038;p=3901"},"modified":"2025-07-22T23:17:27","modified_gmt":"2025-07-22T21:17:27","slug":"unic-chardonnay","status":"publish","type":"product","link":"https:\/\/closmontblanc.com\/ca\/celler\/producte-unic\/unic-chardonnay\/","title":{"rendered":"\u00daNIC CHARDONNAY 2024"},"content":{"rendered":"<div class=\"fusion-fullwidth fullwidth-box fusion-builder-row-1 fusion-flex-container nonhundred-percent-fullwidth non-hundred-percent-height-scrolling\" style=\"--awb-border-radius-top-left:0px;--awb-border-radius-top-right:0px;--awb-border-radius-bottom-right:0px;--awb-border-radius-bottom-left:0px;--awb-flex-wrap:wrap;\" ><div class=\"fusion-builder-row fusion-row fusion-flex-align-items-flex-start fusion-flex-content-wrap\" style=\"max-width:1216.8px;margin-left: calc(-4% \/ 2 );margin-right: calc(-4% \/ 2 );\"><div class=\"fusion-layout-column fusion_builder_column fusion-builder-column-0 fusion_builder_column_1_1 1_1 fusion-flex-column\" style=\"--awb-bg-blend:overlay;--awb-bg-size:cover;--awb-width-large:100%;--awb-margin-top-large:0px;--awb-spacing-right-large:1.92%;--awb-margin-bottom-large:0px;--awb-spacing-left-large:1.92%;--awb-width-medium:100%;--awb-spacing-right-medium:1.92%;--awb-spacing-left-medium:1.92%;--awb-width-small:100%;--awb-spacing-right-small:1.92%;--awb-spacing-left-small:1.92%;\"><div class=\"fusion-column-wrapper fusion-flex-justify-content-flex-start fusion-content-layout-column\"><div class=\"fusion-text fusion-text-1\"><div id=\"contenidorDescripcio\">\n<h2><strong>Eleg\u00e0ncia i harmonia amb notes sedoses de fusta<\/strong><\/h2>\n<p><b>Vinificaci\u00f3 i crian\u00e7a<\/b><br \/>\nEl ra\u00efm fermenta en botes noves de roure franc\u00e8s de diversos or\u00edgens: Nevers, Tron\u00e7ais, Allier\u2026 La fermentaci\u00f3 malol\u00e0ctica es realitza a les botes on romandr\u00e0 entre 3 i 4 mesos abans de ser embotellat.<br \/>\n<b>Nota de tast<br \/>\n<\/b>Color groc palla amb tonalitats ambre. Aroma d\u2019alta intensitat i molt persistent, notes de fruita i de fumats. En boca, \u00e9s rod\u00f3, ampli, sed\u00f3s i elegant.<\/p>\n<p><b>Tipus de vinya<\/b><br \/>\nVinya familiar situada als pendents de la serra de Miramar.<\/p>\n<div><\/div>\n<\/div>\n<\/div><\/div><\/div><\/div><\/div>\n","protected":false},"excerpt":{"rendered":"<div class=\"DefinicioCurta\">[fusion_global id=\"3904\"]<\/div>\n","protected":false},"featured_media":11870,"template":"","meta":{"_acf_changed":false},"product_brand":[],"product_cat":[334,104],"product_tag":[161,186,160,201,200,187],"class_list":{"0":"post-3901","1":"product","2":"type-product","3":"status-publish","4":"has-post-thumbnail","6":"product_cat-producte-unic","7":"product_cat-vins","8":"product_tag-clos-montblanc-ca","9":"product_tag-d-o-catalunya-ca","10":"product_tag-masia-les-comes-ca","11":"product_tag-vi-blanc","12":"product_tag-vi-chardonnay","13":"product_tag-vi-de-agricultura-sostenible","14":"product_shipping_class-seur-ca","16":"first","17":"instock","18":"taxable","19":"shipping-taxable","20":"product-type-simple"},"acf":[],"_links":{"self":[{"href":"https:\/\/closmontblanc.com\/ca\/wp-json\/wp\/v2\/product\/3901","targetHints":{"allow":["GET"]}}],"collection":[{"href":"https:\/\/closmontblanc.com\/ca\/wp-json\/wp\/v2\/product"}],"about":[{"href":"https:\/\/closmontblanc.com\/ca\/wp-json\/wp\/v2\/types\/product"}],"wp:featuredmedia":[{"embeddable":true,"href":"https:\/\/closmontblanc.com\/ca\/wp-json\/wp\/v2\/media\/11870"}],"wp:attachment":[{"href":"https:\/\/closmontblanc.com\/ca\/wp-json\/wp\/v2\/media?parent=3901"}],"wp:term":[{"taxonomy":"product_brand","embeddable":true,"href":"https:\/\/closmontblanc.com\/ca\/wp-json\/wp\/v2\/product_brand?post=3901"},{"taxonomy":"product_cat","embeddable":true,"href":"https:\/\/closmontblanc.com\/ca\/wp-json\/wp\/v2\/product_cat?post=3901"},{"taxonomy":"product_tag","embeddable":true,"href":"https:\/\/closmontblanc.com\/ca\/wp-json\/wp\/v2\/product_tag?post=3901"}],"curies":[{"name":"wp","href":"https:\/\/api.w.org\/{rel}","templated":true}]}}