{"id":3952,"date":"2019-06-04T13:18:31","date_gmt":"2019-06-04T13:18:31","guid":{"rendered":"https:\/\/store.closmontblanc.com\/?post_type=product&#038;p=3952"},"modified":"2025-04-24T14:35:57","modified_gmt":"2025-04-24T12:35:57","slug":"unic-merlot","status":"publish","type":"product","link":"https:\/\/closmontblanc.com\/ca\/celler\/producte-unic\/unic-merlot\/","title":{"rendered":"\u00daNIC MERLOT 2021"},"content":{"rendered":"<div id=\"contenidorDescripcio\">\n<p><h2><strong>La primera experi\u00e8ncia<\/strong><\/h2>\n<p><strong>Vinificaci\u00f3 i crian\u00e7a<\/strong><br \/>\nEl ra\u00efm fermenta en dip\u00f2sits d\u2019acer inoxidable a temperatura controlada entre 25 i 28\u00baC. Despr\u00e9s de la maceraci\u00f3, es realitza la fermentaci\u00f3 malol\u00e0ctica i roman entre 12 i 14 mesos en botes de roure americ\u00e0.<br \/>\n<strong>Nota de tast<br \/>\n<\/strong>Color vermell porpra. Aroma de fruita madura i confitada. En boca \u00e9s crem\u00f3s, c\u00e0lid i rod\u00f3.\n<\/p>\n<p><strong>Tipus de vinya<\/strong><br \/>\nUna sola vinya de 4 hect\u00e0rees situada sota la serra de Miramar, a una altitud de 400 metres.<\/p>\n<\/div>\n","protected":false},"excerpt":{"rendered":"<div class=\"DefinicioCurta\">[fusion_global id=\"3940\"]<\/div>\n","protected":false},"featured_media":13947,"template":"","meta":{"_acf_changed":false},"product_brand":[],"product_cat":[334,104],"product_tag":[161,133,160,211,134,159],"class_list":{"0":"post-3952","1":"product","2":"type-product","3":"status-publish","4":"has-post-thumbnail","6":"product_cat-producte-unic","7":"product_cat-vins","8":"product_tag-clos-montblanc-ca","9":"product_tag-d-o-conca-de-barbera-ca","10":"product_tag-masia-les-comes-ca","11":"product_tag-merlot-ca","12":"product_tag-vi-ecologic","13":"product_tag-vi-negre","14":"product_shipping_class-seur-ca","16":"first","17":"instock","18":"taxable","19":"shipping-taxable","20":"product-type-simple"},"acf":[],"_links":{"self":[{"href":"https:\/\/closmontblanc.com\/ca\/wp-json\/wp\/v2\/product\/3952","targetHints":{"allow":["GET"]}}],"collection":[{"href":"https:\/\/closmontblanc.com\/ca\/wp-json\/wp\/v2\/product"}],"about":[{"href":"https:\/\/closmontblanc.com\/ca\/wp-json\/wp\/v2\/types\/product"}],"wp:featuredmedia":[{"embeddable":true,"href":"https:\/\/closmontblanc.com\/ca\/wp-json\/wp\/v2\/media\/13947"}],"wp:attachment":[{"href":"https:\/\/closmontblanc.com\/ca\/wp-json\/wp\/v2\/media?parent=3952"}],"wp:term":[{"taxonomy":"product_brand","embeddable":true,"href":"https:\/\/closmontblanc.com\/ca\/wp-json\/wp\/v2\/product_brand?post=3952"},{"taxonomy":"product_cat","embeddable":true,"href":"https:\/\/closmontblanc.com\/ca\/wp-json\/wp\/v2\/product_cat?post=3952"},{"taxonomy":"product_tag","embeddable":true,"href":"https:\/\/closmontblanc.com\/ca\/wp-json\/wp\/v2\/product_tag?post=3952"}],"curies":[{"name":"wp","href":"https:\/\/api.w.org\/{rel}","templated":true}]}}