{"id":3986,"date":"2019-06-04T23:38:27","date_gmt":"2019-06-04T23:38:27","guid":{"rendered":"https:\/\/store.closmontblanc.com\/?post_type=product&#038;p=3986"},"modified":"2025-08-03T22:39:35","modified_gmt":"2025-08-03T20:39:35","slug":"unic-syrah","status":"publish","type":"product","link":"https:\/\/closmontblanc.com\/ca\/celler\/producte-unic\/unic-syrah\/","title":{"rendered":"\u00daNIC SYRAH 2021"},"content":{"rendered":"<div id=\"contenidorDescripcio\">\n<p><h2><strong>Un vi amb hist\u00f2ria i futur<\/strong><\/h2>\n<p><strong>Vinificaci\u00f3 i crian\u00e7a<\/strong><br \/>\nEl ra\u00efm fermenta en dip\u00f2sits d\u2019acer inoxidable a temperatura controlada entre 25 i 28\u00baC. Despr\u00e9s de la maceraci\u00f3, es realitza la fermentaci\u00f3 malol\u00e0ctica en botes de roure franc\u00e8s abans de ser traslladat a les de roure americ\u00e0 durant 12-14 mesos per la crian\u00e7a.<br \/>\n<strong>Nota de tast<br \/>\n<\/strong>Color cirera granat intens. Aroma que combina la crian\u00e7a amb fruita negra i especiada. En boca, \u00e9s carn\u00f3s i potent, amb notes especiades i bals\u00e0miques. Persistent i llarg.\n<\/p>\n<p>\n<strong>Tipus de vinya<\/strong><br \/>\n3,5 hect\u00e0rees de sol calcari i textura argilosa en terrassa fluvial que envolten el celler. Es van plantar a finals del segle XX.<\/p>\n<\/div>\n","protected":false},"excerpt":{"rendered":"<div class=\"DefinicioCurta\">[fusion_global id=\"3977\"]<\/div>\n","protected":false},"featured_media":11876,"template":"","meta":{"_acf_changed":false},"product_brand":[],"product_cat":[334,104],"product_tag":[161,133,160,219,187,159],"class_list":{"0":"post-3986","1":"product","2":"type-product","3":"status-publish","4":"has-post-thumbnail","6":"product_cat-producte-unic","7":"product_cat-vins","8":"product_tag-clos-montblanc-ca","9":"product_tag-d-o-conca-de-barbera-ca","10":"product_tag-masia-les-comes-ca","11":"product_tag-syrah-ca","12":"product_tag-vi-de-agricultura-sostenible","13":"product_tag-vi-negre","14":"product_shipping_class-seur-ca","16":"first","17":"instock","18":"taxable","19":"shipping-taxable","20":"product-type-simple"},"acf":[],"_links":{"self":[{"href":"https:\/\/closmontblanc.com\/ca\/wp-json\/wp\/v2\/product\/3986","targetHints":{"allow":["GET"]}}],"collection":[{"href":"https:\/\/closmontblanc.com\/ca\/wp-json\/wp\/v2\/product"}],"about":[{"href":"https:\/\/closmontblanc.com\/ca\/wp-json\/wp\/v2\/types\/product"}],"wp:featuredmedia":[{"embeddable":true,"href":"https:\/\/closmontblanc.com\/ca\/wp-json\/wp\/v2\/media\/11876"}],"wp:attachment":[{"href":"https:\/\/closmontblanc.com\/ca\/wp-json\/wp\/v2\/media?parent=3986"}],"wp:term":[{"taxonomy":"product_brand","embeddable":true,"href":"https:\/\/closmontblanc.com\/ca\/wp-json\/wp\/v2\/product_brand?post=3986"},{"taxonomy":"product_cat","embeddable":true,"href":"https:\/\/closmontblanc.com\/ca\/wp-json\/wp\/v2\/product_cat?post=3986"},{"taxonomy":"product_tag","embeddable":true,"href":"https:\/\/closmontblanc.com\/ca\/wp-json\/wp\/v2\/product_tag?post=3986"}],"curies":[{"name":"wp","href":"https:\/\/api.w.org\/{rel}","templated":true}]}}