{"id":4050,"date":"2019-06-05T13:45:18","date_gmt":"2019-06-05T13:45:18","guid":{"rendered":"https:\/\/store.closmontblanc.com\/?post_type=product&#038;p=4050"},"modified":"2024-06-10T21:43:56","modified_gmt":"2024-06-10T19:43:56","slug":"xipella-negre","status":"publish","type":"product","link":"https:\/\/closmontblanc.com\/ca\/celler\/producte-herencia\/xipella-negre\/","title":{"rendered":"XIPELLA NEGRE 2021"},"content":{"rendered":"<div id=\"contenidorDescripcio\">\n<p><h2><strong>Atrevit i sorprenent<\/strong><\/h2>\n<p><strong>Vinificaci\u00f3 i crian\u00e7a<\/strong><br \/>\nEl ra\u00efm fermenta en dip\u00f2sits d\u2019acer inoxidable a temperatura controlada entre 25 i 28 \u00b0C. Despr\u00e9s de la fermentaci\u00f3 malol\u00e0ctica, el vi fa la crian\u00e7a en botes usades i noves entre 12 i 16 mesos.<br \/>\n<strong>Nota de tast<br \/>\n<\/strong>Vi negre de color intens. Aroma potent de fruita madura, notes minerals i de crian\u00e7a en bota. En boca, es presenta amable i gol\u00f3s, amb tanins fins ben integrats, de final llarg i persistent.\n<\/p>\n<p>\n<strong>Tipus de vinya<\/strong><br \/>\nVinyes situades als voltants del celler, a una altitud de 470 metres.\n<\/p>\n<\/div>\n","protected":false},"excerpt":{"rendered":"<div class=\"DefinicioCurta\">[fusion_global id=\"4045\"]<\/div>\n","protected":false},"featured_media":11421,"template":"","meta":{"_acf_changed":false},"product_brand":[],"product_cat":[328,104],"product_tag":[161,133,160,243,187,159],"class_list":{"0":"post-4050","1":"product","2":"type-product","3":"status-publish","4":"has-post-thumbnail","6":"product_cat-producte-herencia","7":"product_cat-vins","8":"product_tag-clos-montblanc-ca","9":"product_tag-d-o-conca-de-barbera-ca","10":"product_tag-masia-les-comes-ca","11":"product_tag-samso-syrah-cabernet-sauvignon","12":"product_tag-vi-de-agricultura-sostenible","13":"product_tag-vi-negre","14":"product_shipping_class-seur-ca","16":"first","17":"instock","18":"taxable","19":"shipping-taxable","20":"product-type-simple"},"acf":[],"_links":{"self":[{"href":"https:\/\/closmontblanc.com\/ca\/wp-json\/wp\/v2\/product\/4050","targetHints":{"allow":["GET"]}}],"collection":[{"href":"https:\/\/closmontblanc.com\/ca\/wp-json\/wp\/v2\/product"}],"about":[{"href":"https:\/\/closmontblanc.com\/ca\/wp-json\/wp\/v2\/types\/product"}],"wp:featuredmedia":[{"embeddable":true,"href":"https:\/\/closmontblanc.com\/ca\/wp-json\/wp\/v2\/media\/11421"}],"wp:attachment":[{"href":"https:\/\/closmontblanc.com\/ca\/wp-json\/wp\/v2\/media?parent=4050"}],"wp:term":[{"taxonomy":"product_brand","embeddable":true,"href":"https:\/\/closmontblanc.com\/ca\/wp-json\/wp\/v2\/product_brand?post=4050"},{"taxonomy":"product_cat","embeddable":true,"href":"https:\/\/closmontblanc.com\/ca\/wp-json\/wp\/v2\/product_cat?post=4050"},{"taxonomy":"product_tag","embeddable":true,"href":"https:\/\/closmontblanc.com\/ca\/wp-json\/wp\/v2\/product_tag?post=4050"}],"curies":[{"name":"wp","href":"https:\/\/api.w.org\/{rel}","templated":true}]}}