{"id":4201,"date":"2019-06-08T22:31:57","date_gmt":"2019-06-08T22:31:57","guid":{"rendered":"https:\/\/store.closmontblanc.com\/?post_type=product&#038;p=4201"},"modified":"2024-02-12T12:13:44","modified_gmt":"2024-02-12T12:13:44","slug":"cava-brut-nature-premium-reserva","status":"publish","type":"product","link":"https:\/\/closmontblanc.com\/ca\/celler\/caves\/cava-brut-nature-premium-reserva\/","title":{"rendered":"CAVA BRUT NATURE PREMIUM RESERVA"},"content":{"rendered":"<div id=\"contenidorDescripcio\">\n<p><h2><strong>Tradici\u00f3 daurada<\/strong><\/h2>\n<p><strong>Vinificaci\u00f3 i crian\u00e7a<br \/>\n<\/strong>Cava elaborat amb vins d\u2019una sola anyada. Passa per la segona fermentaci\u00f3 segons el m\u00e8tode tradicional, amb<b> <\/b>una crian\u00e7a en rima de 12 a 18 mesos en ampolla.<\/p>\n<p><strong>Nota de tast<br \/>\n<\/strong>De color groc p\u00e0l\u00b7lid brillant i amb vius reflexos daurats, aquest cava ens ofereix una bombolla fina i abundant. Aroma delicada amb records varietals que s\u2019entrellacen amb el buquet de la crian\u00e7a, \u00e9s un escum\u00f3s rod\u00f3 amb bona estructura, fresc, amable i net.<\/p>\n<p><strong>Tipus de vinya<br \/>\n<\/strong>Mescla de varietats aut\u00f2ctones del nostre territori.\n<\/p>\n<\/div>\n","protected":false},"excerpt":{"rendered":"<div class=\"DefinicioCurta\">[fusion_global id=\"4194\"]<\/div>\n","protected":false},"featured_media":13969,"template":"","meta":{"_acf_changed":false},"product_brand":[],"product_cat":[101],"product_tag":[267,258,161,257,271,160,229],"class_list":{"0":"post-4201","1":"product","2":"type-product","3":"status-publish","4":"has-post-thumbnail","6":"product_cat-caves","7":"product_tag-cava-ca","8":"product_tag-cava-dagricultura-sostenible","9":"product_tag-clos-montblanc-ca","10":"product_tag-do-cava-ca","11":"product_tag-macabeu","12":"product_tag-masia-les-comes-ca","13":"product_tag-parellada-ca","14":"product_shipping_class-seur-ca","16":"first","17":"instock","18":"taxable","19":"shipping-taxable","20":"product-type-simple"},"acf":[],"_links":{"self":[{"href":"https:\/\/closmontblanc.com\/ca\/wp-json\/wp\/v2\/product\/4201","targetHints":{"allow":["GET"]}}],"collection":[{"href":"https:\/\/closmontblanc.com\/ca\/wp-json\/wp\/v2\/product"}],"about":[{"href":"https:\/\/closmontblanc.com\/ca\/wp-json\/wp\/v2\/types\/product"}],"wp:featuredmedia":[{"embeddable":true,"href":"https:\/\/closmontblanc.com\/ca\/wp-json\/wp\/v2\/media\/13969"}],"wp:attachment":[{"href":"https:\/\/closmontblanc.com\/ca\/wp-json\/wp\/v2\/media?parent=4201"}],"wp:term":[{"taxonomy":"product_brand","embeddable":true,"href":"https:\/\/closmontblanc.com\/ca\/wp-json\/wp\/v2\/product_brand?post=4201"},{"taxonomy":"product_cat","embeddable":true,"href":"https:\/\/closmontblanc.com\/ca\/wp-json\/wp\/v2\/product_cat?post=4201"},{"taxonomy":"product_tag","embeddable":true,"href":"https:\/\/closmontblanc.com\/ca\/wp-json\/wp\/v2\/product_tag?post=4201"}],"curies":[{"name":"wp","href":"https:\/\/api.w.org\/{rel}","templated":true}]}}