{"id":4220,"date":"2019-06-08T23:42:22","date_gmt":"2019-06-08T23:42:22","guid":{"rendered":"https:\/\/store.closmontblanc.com\/?post_type=product&#038;p=4220"},"modified":"2024-02-12T12:06:41","modified_gmt":"2024-02-12T12:06:41","slug":"cava-brut-premium","status":"publish","type":"product","link":"https:\/\/closmontblanc.com\/ca\/celler\/caves\/cava-brut-premium\/","title":{"rendered":"CAVA BRUT PREMIUM"},"content":{"rendered":"<div id=\"contenidorDescripcio\">\n<p><h2><strong>Un cl\u00e0ssic de Clos Montblanc<\/strong><\/h2>\n<p><strong>Vinificaci\u00f3 i crian\u00e7a<br \/>\n<\/strong>Elaborat segons el m\u00e8tode tradicional a partir del cupatge dels millors vins de macabeu i parellada.<b> <\/b>Crian\u00e7a m\u00ednima entre 1 i 1,5 anys en ampolla.<\/p>\n<p><strong>Nota de tast<br \/>\n<\/strong>De color groc amb reflexos verdosos i una fina bombolla. Les aromes varietals es complementen amb notes l\u00e0cties i un delicat fons de fruita blanca (poma, pera). En boca, \u00e9s agradable, amb una acidesa perfectament equilibrada i el carb\u00f2nic molt ben integrat, que deixa un gust ampli i persistent.<\/p>\n<p><strong>Tipus de vinya<br \/>\n<\/strong>Varietats aut\u00f2ctones del nostre territori.<\/p>\n<\/div>\n","protected":false},"excerpt":{"rendered":"<div class=\"DefinicioCurta\">[fusion_global id=\"4212\"]<\/div>\n","protected":false},"featured_media":13965,"template":"","meta":{"_acf_changed":false},"product_brand":[],"product_cat":[101],"product_tag":[267,258,161,257,271,160,229],"class_list":{"0":"post-4220","1":"product","2":"type-product","3":"status-publish","4":"has-post-thumbnail","6":"product_cat-caves","7":"product_tag-cava-ca","8":"product_tag-cava-dagricultura-sostenible","9":"product_tag-clos-montblanc-ca","10":"product_tag-do-cava-ca","11":"product_tag-macabeu","12":"product_tag-masia-les-comes-ca","13":"product_tag-parellada-ca","14":"product_shipping_class-seur-ca","16":"first","17":"instock","18":"taxable","19":"shipping-taxable","20":"product-type-simple"},"acf":[],"_links":{"self":[{"href":"https:\/\/closmontblanc.com\/ca\/wp-json\/wp\/v2\/product\/4220","targetHints":{"allow":["GET"]}}],"collection":[{"href":"https:\/\/closmontblanc.com\/ca\/wp-json\/wp\/v2\/product"}],"about":[{"href":"https:\/\/closmontblanc.com\/ca\/wp-json\/wp\/v2\/types\/product"}],"wp:featuredmedia":[{"embeddable":true,"href":"https:\/\/closmontblanc.com\/ca\/wp-json\/wp\/v2\/media\/13965"}],"wp:attachment":[{"href":"https:\/\/closmontblanc.com\/ca\/wp-json\/wp\/v2\/media?parent=4220"}],"wp:term":[{"taxonomy":"product_brand","embeddable":true,"href":"https:\/\/closmontblanc.com\/ca\/wp-json\/wp\/v2\/product_brand?post=4220"},{"taxonomy":"product_cat","embeddable":true,"href":"https:\/\/closmontblanc.com\/ca\/wp-json\/wp\/v2\/product_cat?post=4220"},{"taxonomy":"product_tag","embeddable":true,"href":"https:\/\/closmontblanc.com\/ca\/wp-json\/wp\/v2\/product_tag?post=4220"}],"curies":[{"name":"wp","href":"https:\/\/api.w.org\/{rel}","templated":true}]}}