{"id":6410,"date":"2021-08-09T23:01:59","date_gmt":"2021-08-09T23:01:59","guid":{"rendered":"https:\/\/closmontblanc.com\/cellar\/Sense%20categoria\/origen-2017\/"},"modified":"2024-12-03T12:10:32","modified_gmt":"2024-12-03T11:10:32","slug":"origen","status":"publish","type":"product","link":"https:\/\/closmontblanc.com\/ca\/celler\/producte-herencia\/origen\/","title":{"rendered":"ORIGEN 2021"},"content":{"rendered":"<div id=\"contenidorDescripcio\">\n<h2 class=\"fusion-responsive-typography-calculated\" data-fontsize=\"32\" data-lineheight=\"41.92px\"><strong>Un vi amb esperit monacal<\/strong><\/h2>\n<p><strong>Vinificaci\u00f3 i crian\u00e7a<\/strong><br \/>\nLa fermentaci\u00f3 es porta a terme en dip\u00f2sits d\u2019acer inoxidable, seguida d\u2019una crian\u00e7a en b\u00f3tes de roure franc\u00e8s i americ\u00e0 durant 16 mesos.<strong>\u00a0<\/strong><br \/>\n<strong>Nota de tast<\/strong><br \/>\nIntens color vermell rob\u00ed. Un dels vins amb major puntuaci\u00f3 del celler, en termes \u201cqualitat-preu\u201d. T\u00e9 aromes de fruits negres dol\u00e7os, nabius i groselles negres. \u00c9s suau i rod\u00f3 al paladar amb una fina textura vellutada. Amb notes secund\u00e0ries de compota de cirera negra, vainilla i amb un toc bals\u00e0mic, donant-li un especial atractiu. Final llarg i persistent. Vi potent i equilibrat.<br \/>\n<strong>Tipus de vinya<\/strong><br \/>\nVinyes situades al voltant dels monestirs cistercencs, entre 400 i 500 metres d\u2019altitud, al costat de celler Clos Montblanc.<br \/>\nUn vi que vol emular el vi que s\u2019elaborava en els monestirs de Catalunya al segle XIV.<br \/>\nVinyes velles d\u2019entre 20 i 30 anys.<\/p>\n<\/div>\n","protected":false},"excerpt":{"rendered":"[fusion_global id=\"6381\"]\n","protected":false},"featured_media":11507,"template":"","meta":{"_acf_changed":false},"product_brand":[],"product_cat":[328,104],"product_tag":[290,291,132,187],"class_list":{"0":"post-6410","1":"product","2":"type-product","3":"status-publish","4":"has-post-thumbnail","6":"product_cat-producte-herencia","7":"product_cat-vins","8":"product_tag-garnatxa","9":"product_tag-garnatxa-samso-i-cabernet-sauvignon","10":"product_tag-vi-dautor","11":"product_tag-vi-de-agricultura-sostenible","12":"product_shipping_class-seur-ca","14":"first","15":"instock","16":"taxable","17":"shipping-taxable","18":"product-type-simple"},"acf":[],"_links":{"self":[{"href":"https:\/\/closmontblanc.com\/ca\/wp-json\/wp\/v2\/product\/6410","targetHints":{"allow":["GET"]}}],"collection":[{"href":"https:\/\/closmontblanc.com\/ca\/wp-json\/wp\/v2\/product"}],"about":[{"href":"https:\/\/closmontblanc.com\/ca\/wp-json\/wp\/v2\/types\/product"}],"wp:featuredmedia":[{"embeddable":true,"href":"https:\/\/closmontblanc.com\/ca\/wp-json\/wp\/v2\/media\/11507"}],"wp:attachment":[{"href":"https:\/\/closmontblanc.com\/ca\/wp-json\/wp\/v2\/media?parent=6410"}],"wp:term":[{"taxonomy":"product_brand","embeddable":true,"href":"https:\/\/closmontblanc.com\/ca\/wp-json\/wp\/v2\/product_brand?post=6410"},{"taxonomy":"product_cat","embeddable":true,"href":"https:\/\/closmontblanc.com\/ca\/wp-json\/wp\/v2\/product_cat?post=6410"},{"taxonomy":"product_tag","embeddable":true,"href":"https:\/\/closmontblanc.com\/ca\/wp-json\/wp\/v2\/product_tag?post=6410"}],"curies":[{"name":"wp","href":"https:\/\/api.w.org\/{rel}","templated":true}]}}