{"id":11514,"date":"2025-02-28T12:16:50","date_gmt":"2025-02-28T11:16:50","guid":{"rendered":"https:\/\/closmontblanc.com\/?post_type=product&#038;p=11514"},"modified":"2025-03-01T12:33:09","modified_gmt":"2025-03-01T11:33:09","slug":"unic-garnatxa-blanca","status":"publish","type":"product","link":"https:\/\/closmontblanc.com\/fr\/cellier\/produit-unique\/unic-garnatxa-blanca\/","title":{"rendered":"\u00daNIC GARNATXA BLANCA 2024"},"content":{"rendered":"<div class=\"fusion-fullwidth fullwidth-box fusion-builder-row-1 fusion-flex-container nonhundred-percent-fullwidth non-hundred-percent-height-scrolling\" style=\"--awb-border-radius-top-left:0px;--awb-border-radius-top-right:0px;--awb-border-radius-bottom-right:0px;--awb-border-radius-bottom-left:0px;--awb-flex-wrap:wrap;\" ><div class=\"fusion-builder-row fusion-row fusion-flex-align-items-flex-start fusion-flex-content-wrap\" style=\"max-width:1216.8px;margin-left: calc(-4% \/ 2 );margin-right: calc(-4% \/ 2 );\"><div class=\"fusion-layout-column fusion_builder_column fusion-builder-column-0 fusion_builder_column_1_1 1_1 fusion-flex-column\" style=\"--awb-bg-blend:overlay;--awb-bg-size:cover;--awb-width-large:100%;--awb-margin-top-large:0px;--awb-spacing-right-large:1.92%;--awb-margin-bottom-large:0px;--awb-spacing-left-large:1.92%;--awb-width-medium:100%;--awb-spacing-right-medium:1.92%;--awb-spacing-left-medium:1.92%;--awb-width-small:100%;--awb-spacing-right-small:1.92%;--awb-spacing-left-small:1.92%;\"><div class=\"fusion-column-wrapper fusion-flex-justify-content-flex-start fusion-content-layout-column\"><div class=\"fusion-text fusion-text-1\"><div id=\"contenidorDescripcio\">\n<h2><strong>Un vin distingu\u00e9 avec une grande personnalit\u00e9<\/strong><\/h2>\n<p><b>Vinification et \u00e9levage<\/b><br \/>\nMicro-vinification en cuve d\u2019acier inoxydable de 1000 litres \u00e0 basse temp\u00e9rature pour conserver les ar\u00f4mes.<\/p>\n<p><b>Note de d\u00e9gustation<br \/>\n<\/b>Robe jaune p\u00e2le avec des tonalit\u00e9s vertes. Brillant et net, ar\u00f4me intense, touches de fruit m\u00fbr et note caract\u00e9ristique de gen\u00eat. En bouche, il est chaleureux et persistant.<\/p>\n<p><b>Type de vigne<\/b><br \/>\nVieilles vignes \u00e2g\u00e9es de plus de 60 ans, en gobelet, \u00e0 600 m\u00e8tres d\u2019altitude.<\/p>\n<div><\/div>\n<\/div>\n<\/div><\/div><\/div><\/div><\/div>\n","protected":false},"excerpt":{"rendered":"<div class=\"DefinicioCurta\">\n[fusion_global id=\"11545\"]<\/div>\n","protected":false},"featured_media":11518,"template":"","meta":{"_acf_changed":false},"product_brand":[],"product_cat":[336,105],"product_tag":[195,194,177,196,176,197],"class_list":{"0":"post-11514","1":"product","2":"type-product","3":"status-publish","4":"has-post-thumbnail","6":"product_cat-produit-unique","7":"product_cat-vin","8":"product_tag-agriculture-durable-vin","9":"product_tag-ao-catalunya","10":"product_tag-clos-montblanc-fr","11":"product_tag-garenache-blanc","12":"product_tag-masia-les-comes-fr","13":"product_tag-vin-blanc-jeune","14":"product_shipping_class-seur-fr","16":"first","17":"instock","18":"taxable","19":"shipping-taxable","20":"product-type-simple"},"acf":[],"_links":{"self":[{"href":"https:\/\/closmontblanc.com\/fr\/wp-json\/wp\/v2\/product\/11514","targetHints":{"allow":["GET"]}}],"collection":[{"href":"https:\/\/closmontblanc.com\/fr\/wp-json\/wp\/v2\/product"}],"about":[{"href":"https:\/\/closmontblanc.com\/fr\/wp-json\/wp\/v2\/types\/product"}],"wp:featuredmedia":[{"embeddable":true,"href":"https:\/\/closmontblanc.com\/fr\/wp-json\/wp\/v2\/media\/11518"}],"wp:attachment":[{"href":"https:\/\/closmontblanc.com\/fr\/wp-json\/wp\/v2\/media?parent=11514"}],"wp:term":[{"taxonomy":"product_brand","embeddable":true,"href":"https:\/\/closmontblanc.com\/fr\/wp-json\/wp\/v2\/product_brand?post=11514"},{"taxonomy":"product_cat","embeddable":true,"href":"https:\/\/closmontblanc.com\/fr\/wp-json\/wp\/v2\/product_cat?post=11514"},{"taxonomy":"product_tag","embeddable":true,"href":"https:\/\/closmontblanc.com\/fr\/wp-json\/wp\/v2\/product_tag?post=11514"}],"curies":[{"name":"wp","href":"https:\/\/api.w.org\/{rel}","templated":true}]}}