{"id":11932,"date":"2025-12-09T16:06:37","date_gmt":"2025-12-09T15:06:37","guid":{"rendered":"https:\/\/closmontblanc.com\/?post_type=product&#038;p=11932"},"modified":"2025-12-14T23:31:03","modified_gmt":"2025-12-14T22:31:03","slug":"essence-de-la-conca","status":"publish","type":"product","link":"https:\/\/closmontblanc.com\/fr\/cellier\/selection\/essence-de-la-conca\/","title":{"rendered":"L\u2019ESSENCE DE LA CONCA"},"content":{"rendered":"","protected":false},"excerpt":{"rendered":"<p>Ce lot r\u00e9unit des vins issus de notre mani\u00e8re la plus authentique de concevoir le vin : des \u00e9laborations traditionnelles, respectueuses du temps et de la terre qui les rend possibles.<\/p>\n<p>Compos\u00e9s principalement de c\u00e9pages locaux, ces vins rendent hommage au paysage, au climat et au caract\u00e8re de la Conca. Chaque bouteille refl\u00e8te la sagesse de g\u00e9n\u00e9rations et la volont\u00e9 de pr\u00e9server une identit\u00e9 viticole unique.<\/p>\n<p><strong>2 x Xipella. <\/strong>Persistant, agr\u00e9able et gourmand.<\/p>\n<p><strong>2 x Xipella Blanc. <\/strong>Fra\u00eecheur de fruits blancs<strong>.<\/strong><\/p>\n<p><strong>1 x Clos Montblanc Origen. <\/strong>Fruits noirs et texture velout\u00e9e.<\/p>\n<p><strong>1 x Garrut \u2013 Trepat. <\/strong>Frais avec des notes de fruits citronn\u00e9s.<\/p>\n","protected":false},"featured_media":14014,"template":"","meta":{"_acf_changed":false},"product_brand":[],"product_cat":[323],"product_tag":[],"class_list":{"0":"post-11932","1":"product","2":"type-product","3":"status-publish","4":"has-post-thumbnail","6":"product_cat-selection","8":"first","9":"instock","10":"sale","11":"taxable","12":"shipping-taxable","13":"product-type-simple"},"acf":[],"_links":{"self":[{"href":"https:\/\/closmontblanc.com\/fr\/wp-json\/wp\/v2\/product\/11932","targetHints":{"allow":["GET"]}}],"collection":[{"href":"https:\/\/closmontblanc.com\/fr\/wp-json\/wp\/v2\/product"}],"about":[{"href":"https:\/\/closmontblanc.com\/fr\/wp-json\/wp\/v2\/types\/product"}],"wp:featuredmedia":[{"embeddable":true,"href":"https:\/\/closmontblanc.com\/fr\/wp-json\/wp\/v2\/media\/14014"}],"wp:attachment":[{"href":"https:\/\/closmontblanc.com\/fr\/wp-json\/wp\/v2\/media?parent=11932"}],"wp:term":[{"taxonomy":"product_brand","embeddable":true,"href":"https:\/\/closmontblanc.com\/fr\/wp-json\/wp\/v2\/product_brand?post=11932"},{"taxonomy":"product_cat","embeddable":true,"href":"https:\/\/closmontblanc.com\/fr\/wp-json\/wp\/v2\/product_cat?post=11932"},{"taxonomy":"product_tag","embeddable":true,"href":"https:\/\/closmontblanc.com\/fr\/wp-json\/wp\/v2\/product_tag?post=11932"}],"curies":[{"name":"wp","href":"https:\/\/api.w.org\/{rel}","templated":true}]}}