{"id":11983,"date":"2025-12-09T17:24:46","date_gmt":"2025-12-09T16:24:46","guid":{"rendered":"https:\/\/closmontblanc.com\/cellar\/non class\u00e9\/grande-selection\/"},"modified":"2025-12-09T17:24:46","modified_gmt":"2025-12-09T16:24:46","slug":"grande-selection","status":"publish","type":"product","link":"https:\/\/closmontblanc.com\/fr\/cellier\/selection\/grande-selection\/","title":{"rendered":"GRANDE S\u00c9LECTION"},"content":{"rendered":"","protected":false},"excerpt":{"rendered":"<p>Le lot Grande S\u00e9lection r\u00e9unit les vins les plus remarquables de notre cave : ceux qui se distinguent par leur qualit\u00e9, leur complexit\u00e9 et leur \u00e9quilibre, et qui refl\u00e8tent le mieux notre fa\u00e7on de concevoir le vin.<\/p>\n<p>Une s\u00e9lection exclusive pour ceux qui recherchent l\u2019essence de notre cave dans sa plus haute expression.<\/p>\n<p><strong>2 x \u00danic Chardonnay. <\/strong>Rond, soyeux et \u00e9l\u00e9gant.<\/p>\n<p><strong>2 x \u00danic Pinot Noir. <\/strong>Min\u00e9ral, avec des notes de confiture de prunes.<\/p>\n<p><strong>2 x Masia les Comes Reserva. <\/strong>Ample et rond, avec des ar\u00f4mes de caf\u00e9 et de tabac.<\/p>\n","protected":false},"featured_media":11980,"template":"","meta":{"_acf_changed":false},"product_brand":[],"product_cat":[323],"product_tag":[],"class_list":{"0":"post-11983","1":"product","2":"type-product","3":"status-publish","4":"has-post-thumbnail","6":"product_cat-selection","8":"first","9":"instock","10":"sale","11":"taxable","12":"shipping-taxable","13":"product-type-simple"},"acf":[],"_links":{"self":[{"href":"https:\/\/closmontblanc.com\/fr\/wp-json\/wp\/v2\/product\/11983","targetHints":{"allow":["GET"]}}],"collection":[{"href":"https:\/\/closmontblanc.com\/fr\/wp-json\/wp\/v2\/product"}],"about":[{"href":"https:\/\/closmontblanc.com\/fr\/wp-json\/wp\/v2\/types\/product"}],"wp:featuredmedia":[{"embeddable":true,"href":"https:\/\/closmontblanc.com\/fr\/wp-json\/wp\/v2\/media\/11980"}],"wp:attachment":[{"href":"https:\/\/closmontblanc.com\/fr\/wp-json\/wp\/v2\/media?parent=11983"}],"wp:term":[{"taxonomy":"product_brand","embeddable":true,"href":"https:\/\/closmontblanc.com\/fr\/wp-json\/wp\/v2\/product_brand?post=11983"},{"taxonomy":"product_cat","embeddable":true,"href":"https:\/\/closmontblanc.com\/fr\/wp-json\/wp\/v2\/product_cat?post=11983"},{"taxonomy":"product_tag","embeddable":true,"href":"https:\/\/closmontblanc.com\/fr\/wp-json\/wp\/v2\/product_tag?post=11983"}],"curies":[{"name":"wp","href":"https:\/\/api.w.org\/{rel}","templated":true}]}}