{"id":11991,"date":"2025-12-09T17:40:14","date_gmt":"2025-12-09T16:40:14","guid":{"rendered":"https:\/\/closmontblanc.com\/cellar\/non class\u00e9\/bombolles\/"},"modified":"2025-12-09T17:40:14","modified_gmt":"2025-12-09T16:40:14","slug":"bombolles","status":"publish","type":"product","link":"https:\/\/closmontblanc.com\/fr\/cellier\/edition-limitee\/bombolles\/","title":{"rendered":"BOMBOLLES"},"content":{"rendered":"","protected":false},"excerpt":{"rendered":"<p>Ce lot comprend 2 bouteilles de cava ros\u00e9, 2 de cava brut et 2 de cava brut nature, id\u00e9al pour porter un toast et profiter des moments les plus sp\u00e9ciaux en famille, entre amis ou au bureau.<\/p>\n","protected":false},"featured_media":11988,"template":"","meta":{"_acf_changed":false},"product_brand":[],"product_cat":[340,323],"product_tag":[],"class_list":{"0":"post-11991","1":"product","2":"type-product","3":"status-publish","4":"has-post-thumbnail","6":"product_cat-edition-limitee","7":"product_cat-selection","9":"first","10":"instock","11":"sale","12":"taxable","13":"shipping-taxable","14":"product-type-simple"},"acf":[],"_links":{"self":[{"href":"https:\/\/closmontblanc.com\/fr\/wp-json\/wp\/v2\/product\/11991","targetHints":{"allow":["GET"]}}],"collection":[{"href":"https:\/\/closmontblanc.com\/fr\/wp-json\/wp\/v2\/product"}],"about":[{"href":"https:\/\/closmontblanc.com\/fr\/wp-json\/wp\/v2\/types\/product"}],"wp:featuredmedia":[{"embeddable":true,"href":"https:\/\/closmontblanc.com\/fr\/wp-json\/wp\/v2\/media\/11988"}],"wp:attachment":[{"href":"https:\/\/closmontblanc.com\/fr\/wp-json\/wp\/v2\/media?parent=11991"}],"wp:term":[{"taxonomy":"product_brand","embeddable":true,"href":"https:\/\/closmontblanc.com\/fr\/wp-json\/wp\/v2\/product_brand?post=11991"},{"taxonomy":"product_cat","embeddable":true,"href":"https:\/\/closmontblanc.com\/fr\/wp-json\/wp\/v2\/product_cat?post=11991"},{"taxonomy":"product_tag","embeddable":true,"href":"https:\/\/closmontblanc.com\/fr\/wp-json\/wp\/v2\/product_tag?post=11991"}],"curies":[{"name":"wp","href":"https:\/\/api.w.org\/{rel}","templated":true}]}}