{"id":3854,"date":"2019-05-29T17:34:16","date_gmt":"2019-05-29T17:34:16","guid":{"rendered":"https:\/\/store.closmontblanc.com\/?post_type=product&#038;p=3854"},"modified":"2024-03-10T03:15:40","modified_gmt":"2024-03-10T02:15:40","slug":"masia-les-comes","status":"publish","type":"product","link":"https:\/\/closmontblanc.com\/fr\/cellier\/produit-special\/masia-les-comes\/","title":{"rendered":"MASIA LES COMES 2017"},"content":{"rendered":"<div id=\"contenidorDescripcio\">\n<h2><strong>L&rsquo;origine de Clos Montblanc dans un vin<\/strong><\/h2>\n<p>Masia les Comes est le nom que porte la maison originale de la famille Carbonell. En 1988, 6 hectares de cabernet sauvignon et 4 hectares de merlot furent plant\u00e9es, avec l\u2019intention de produire notre Clos Montblanc Reserva.<\/p>\n<p><b>Vinification et \u00e9levage<\/b><br \/>\nLe raisin fermente dans des cuves en acier inoxydable \u00e0 temp\u00e9rature contr\u00f4l\u00e9e entre 25 et 28 \u00b0C. Apr\u00e8s la mac\u00e9ration avec les peaux, le vin est vieilli en f\u00fbts de ch\u00eane fran\u00e7ais et am\u00e9ricain entre 18 et 24 mois.<\/p>\n<p><b>Note de d\u00e9gustation<br \/>\n<\/b>Robe couleur pourpre rouge\u00e2tre, nette et brillante. Ar\u00f4me complexe (tabac, fruit noir, caf\u00e9, tourbe). En bouche, il est ample, rond et a une bonne structure. Longue persistance.<\/p>\n<p><b>Type de vigne<br \/>\n<\/b>Vignes de 30 ans sur des versants situ\u00e9s \u00e0 700 m d\u2019altitude.<\/p>\n<div><\/div>\n<\/div>\n","protected":false},"excerpt":{"rendered":"<div class=\"DefinicioCurta\">\n[fusion_global id=\"3859\"]<\/div>\n","protected":false},"featured_media":11450,"template":"","meta":{"_acf_changed":false},"product_brand":[],"product_cat":[333,105],"product_tag":[146,177,180,178,179,176,152,181,151,175],"class_list":{"0":"post-3854","1":"product","2":"type-product","3":"status-publish","4":"has-post-thumbnail","6":"product_cat-produit-special","7":"product_cat-vin","8":"product_tag-ao-conca-de-barbera","9":"product_tag-clos-montblanc-fr","10":"product_tag-clos-montblanc-reserve","11":"product_tag-famille-carbonell","12":"product_tag-maceration-avec-les-peaux","13":"product_tag-masia-les-comes-fr","14":"product_tag-merlot-et-cabernet-sauvignon","15":"product_tag-vin-de-reserve","16":"product_tag-vin-ecologique","17":"product_tag-vin-rouge","18":"product_shipping_class-seur-fr","20":"first","21":"instock","22":"taxable","23":"shipping-taxable","24":"product-type-simple"},"acf":[],"_links":{"self":[{"href":"https:\/\/closmontblanc.com\/fr\/wp-json\/wp\/v2\/product\/3854","targetHints":{"allow":["GET"]}}],"collection":[{"href":"https:\/\/closmontblanc.com\/fr\/wp-json\/wp\/v2\/product"}],"about":[{"href":"https:\/\/closmontblanc.com\/fr\/wp-json\/wp\/v2\/types\/product"}],"wp:featuredmedia":[{"embeddable":true,"href":"https:\/\/closmontblanc.com\/fr\/wp-json\/wp\/v2\/media\/11450"}],"wp:attachment":[{"href":"https:\/\/closmontblanc.com\/fr\/wp-json\/wp\/v2\/media?parent=3854"}],"wp:term":[{"taxonomy":"product_brand","embeddable":true,"href":"https:\/\/closmontblanc.com\/fr\/wp-json\/wp\/v2\/product_brand?post=3854"},{"taxonomy":"product_cat","embeddable":true,"href":"https:\/\/closmontblanc.com\/fr\/wp-json\/wp\/v2\/product_cat?post=3854"},{"taxonomy":"product_tag","embeddable":true,"href":"https:\/\/closmontblanc.com\/fr\/wp-json\/wp\/v2\/product_tag?post=3854"}],"curies":[{"name":"wp","href":"https:\/\/api.w.org\/{rel}","templated":true}]}}