{"id":3903,"date":"2019-05-30T21:59:09","date_gmt":"2019-05-30T21:59:09","guid":{"rendered":"https:\/\/store.closmontblanc.com\/?post_type=product&#038;p=3903"},"modified":"2025-07-22T23:29:47","modified_gmt":"2025-07-22T21:29:47","slug":"unic-chardonnay","status":"publish","type":"product","link":"https:\/\/closmontblanc.com\/fr\/cellier\/produit-unique\/unic-chardonnay\/","title":{"rendered":"\u00daNIC CHARDONNAY 2024"},"content":{"rendered":"<div class=\"fusion-fullwidth fullwidth-box fusion-builder-row-1 fusion-flex-container nonhundred-percent-fullwidth non-hundred-percent-height-scrolling\" style=\"--awb-border-radius-top-left:0px;--awb-border-radius-top-right:0px;--awb-border-radius-bottom-right:0px;--awb-border-radius-bottom-left:0px;--awb-flex-wrap:wrap;\" ><div class=\"fusion-builder-row fusion-row fusion-flex-align-items-flex-start fusion-flex-content-wrap\" style=\"max-width:1216.8px;margin-left: calc(-4% \/ 2 );margin-right: calc(-4% \/ 2 );\"><div class=\"fusion-layout-column fusion_builder_column fusion-builder-column-0 fusion_builder_column_1_1 1_1 fusion-flex-column\" style=\"--awb-bg-blend:overlay;--awb-bg-size:cover;--awb-width-large:100%;--awb-margin-top-large:0px;--awb-spacing-right-large:1.92%;--awb-margin-bottom-large:0px;--awb-spacing-left-large:1.92%;--awb-width-medium:100%;--awb-spacing-right-medium:1.92%;--awb-spacing-left-medium:1.92%;--awb-width-small:100%;--awb-spacing-right-small:1.92%;--awb-spacing-left-small:1.92%;\"><div class=\"fusion-column-wrapper fusion-flex-justify-content-flex-start fusion-content-layout-column\"><div class=\"fusion-text fusion-text-1\"><div id=\"contenidorDescripcio\">\n<h2><strong>\u00c9l\u00e9gance et harmonie avec des notes soyeuses de bois<\/strong><\/h2>\n<p><b>Vinification et \u00e9levage<\/b><br \/>\nLe raisin fermente dans des f\u00fbts neufs de ch\u00eane fran\u00e7ais d\u2019origines diverses : Nevers, Tron\u00e7ais, Allier\u2026 La fermentation malolactique, se r\u00e9alise dans les f\u00fbts, o\u00f9 le vin restera pendant 3 \u00e0 4 mois avant d\u2019\u00eatre mis en bouteille.<\/p>\n<p><b>Note de d\u00e9gustation<br \/>\n<\/b>Robe couleur jaune paille avec des tonalit\u00e9s ambr\u00e9es. Ar\u00f4me tr\u00e8s intense et tr\u00e8s persistant, notes de fruit et de fum\u00e9s. En bouche, il est rond, ample, soyeux et \u00e9l\u00e9gant.<\/p>\n<p><b>Type de vigne<\/b><br \/>\nVigne familiale situ\u00e9e sur les versants de la montagne de Miramar.<\/p>\n<div><\/div>\n<\/div>\n<\/div><\/div><\/div><\/div><\/div>\n","protected":false},"excerpt":{"rendered":"<div class=\"DefinicioCurta\">\n[fusion_global id=\"3907\"]<\/div>\n","protected":false},"featured_media":11872,"template":"","meta":{"_acf_changed":false},"product_brand":[],"product_cat":[336,105],"product_tag":[195,194,177,176,205,204],"class_list":{"0":"post-3903","1":"product","2":"type-product","3":"status-publish","4":"has-post-thumbnail","6":"product_cat-produit-unique","7":"product_cat-vin","8":"product_tag-agriculture-durable-vin","9":"product_tag-ao-catalunya","10":"product_tag-clos-montblanc-fr","11":"product_tag-masia-les-comes-fr","12":"product_tag-vin-blanc","13":"product_tag-vin-de-chardonnay","14":"product_shipping_class-seur-fr","16":"first","17":"instock","18":"taxable","19":"shipping-taxable","20":"product-type-simple"},"acf":[],"_links":{"self":[{"href":"https:\/\/closmontblanc.com\/fr\/wp-json\/wp\/v2\/product\/3903","targetHints":{"allow":["GET"]}}],"collection":[{"href":"https:\/\/closmontblanc.com\/fr\/wp-json\/wp\/v2\/product"}],"about":[{"href":"https:\/\/closmontblanc.com\/fr\/wp-json\/wp\/v2\/types\/product"}],"wp:featuredmedia":[{"embeddable":true,"href":"https:\/\/closmontblanc.com\/fr\/wp-json\/wp\/v2\/media\/11872"}],"wp:attachment":[{"href":"https:\/\/closmontblanc.com\/fr\/wp-json\/wp\/v2\/media?parent=3903"}],"wp:term":[{"taxonomy":"product_brand","embeddable":true,"href":"https:\/\/closmontblanc.com\/fr\/wp-json\/wp\/v2\/product_brand?post=3903"},{"taxonomy":"product_cat","embeddable":true,"href":"https:\/\/closmontblanc.com\/fr\/wp-json\/wp\/v2\/product_cat?post=3903"},{"taxonomy":"product_tag","embeddable":true,"href":"https:\/\/closmontblanc.com\/fr\/wp-json\/wp\/v2\/product_tag?post=3903"}],"curies":[{"name":"wp","href":"https:\/\/api.w.org\/{rel}","templated":true}]}}