{"id":3923,"date":"2019-05-30T23:36:55","date_gmt":"2019-05-30T23:36:55","guid":{"rendered":"https:\/\/store.closmontblanc.com\/?post_type=product&#038;p=3923"},"modified":"2025-03-05T17:57:02","modified_gmt":"2025-03-05T16:57:02","slug":"unic-sauvignon-blanc","status":"publish","type":"product","link":"https:\/\/closmontblanc.com\/fr\/cellier\/produit-unique\/unic-sauvignon-blanc\/","title":{"rendered":"\u00daNIC SAUVIGNON BLANC 2024"},"content":{"rendered":"<p><Div id=\"contenidorDescripcio\"><\/p>\n<p><h2><strong>Frais et m\u00e9diterran\u00e9en<\/strong><\/h2>\n<p><b>Vinification et \u00e9levage<\/b><br \/>\nApr\u00e8s une courte mac\u00e9ration, le raisin est press\u00e9. Le mo\u00fbt, apr\u00e8s un d\u00e9bourbage statique, est conduit dans des cuves en acier inoxydable pour fermenter \u00e0 une temp\u00e9rature contr\u00f4l\u00e9e de 16 \u00b0C.<\/p>\n<p><b>Note de d\u00e9gustation<br \/>\n<\/b>Lumineux et brillant, avec des tons verts. Ar\u00f4me frais et net avec des notes de citriques, de fruits exotiques et de foin. Entr\u00e9e en bouche douce, longue et l\u00e9g\u00e8rement acide, fine et \u00e9quilibr\u00e9e.<\/p>\n<p><b>Type de vigne<\/b><br \/>\nVignes situ\u00e9es \u00e0 500 m d\u2019altitude.<\/p>\n<div>\n","protected":false},"excerpt":{"rendered":"<div class=\"DefinicioCurta\">\n[fusion_global id=\"3919\"]<\/div>\n","protected":false},"featured_media":11573,"template":"","meta":{"_acf_changed":false},"product_brand":[],"product_cat":[336,105],"product_tag":[146,177,176,205,197,151,209],"class_list":{"0":"post-3923","1":"product","2":"type-product","3":"status-publish","4":"has-post-thumbnail","6":"product_cat-produit-unique","7":"product_cat-vin","8":"product_tag-ao-conca-de-barbera","9":"product_tag-clos-montblanc-fr","10":"product_tag-masia-les-comes-fr","11":"product_tag-vin-blanc","12":"product_tag-vin-blanc-jeune","13":"product_tag-vin-ecologique","14":"product_tag-vin-unic-sauvignon-blanc","15":"product_shipping_class-seur-fr","17":"first","18":"instock","19":"taxable","20":"shipping-taxable","21":"product-type-simple"},"acf":[],"_links":{"self":[{"href":"https:\/\/closmontblanc.com\/fr\/wp-json\/wp\/v2\/product\/3923","targetHints":{"allow":["GET"]}}],"collection":[{"href":"https:\/\/closmontblanc.com\/fr\/wp-json\/wp\/v2\/product"}],"about":[{"href":"https:\/\/closmontblanc.com\/fr\/wp-json\/wp\/v2\/types\/product"}],"wp:featuredmedia":[{"embeddable":true,"href":"https:\/\/closmontblanc.com\/fr\/wp-json\/wp\/v2\/media\/11573"}],"wp:attachment":[{"href":"https:\/\/closmontblanc.com\/fr\/wp-json\/wp\/v2\/media?parent=3923"}],"wp:term":[{"taxonomy":"product_brand","embeddable":true,"href":"https:\/\/closmontblanc.com\/fr\/wp-json\/wp\/v2\/product_brand?post=3923"},{"taxonomy":"product_cat","embeddable":true,"href":"https:\/\/closmontblanc.com\/fr\/wp-json\/wp\/v2\/product_cat?post=3923"},{"taxonomy":"product_tag","embeddable":true,"href":"https:\/\/closmontblanc.com\/fr\/wp-json\/wp\/v2\/product_tag?post=3923"}],"curies":[{"name":"wp","href":"https:\/\/api.w.org\/{rel}","templated":true}]}}