{"id":3954,"date":"2019-06-04T13:18:31","date_gmt":"2019-06-04T13:18:31","guid":{"rendered":"https:\/\/store.closmontblanc.com\/?post_type=product&#038;p=3954"},"modified":"2025-04-24T14:36:32","modified_gmt":"2025-04-24T12:36:32","slug":"unic-merlot","status":"publish","type":"product","link":"https:\/\/closmontblanc.com\/fr\/cellier\/produit-unique\/unic-merlot\/","title":{"rendered":"\u00daNIC MERLOT 2021"},"content":{"rendered":"<div id=\"contenidorDescripcio\">\n<p><h2><strong>La premi\u00e8re exp\u00e9rience<\/strong><\/h2>\n<p><b>Vinification et \u00e9levage<\/b><br \/>\nLe raisin fermente dans des cuves en acier inoxydable \u00e0 temp\u00e9rature contr\u00f4l\u00e9e entre 25 et 28 \u00b0C. Apr\u00e8s la mac\u00e9ration, la fermentation malolactique a lieu et le vin reste entre 12 et 14 mois dans des f\u00fbts de ch\u00eane am\u00e9ricain.<br \/>\n<b><br \/>\nNote de d\u00e9gustation<br \/>\n<\/b>Robe couleur rouge pourpre. Ar\u00f4me de fruit m\u00fbr et confit. En bouche, il est cr\u00e9meux, chaleureux et rond.<\/p>\n<p><b>Type de vigne<\/b><br \/>\nUne seule vigne de 4 hectares situ\u00e9e sous les montagnes de Miramar, \u00e0 400 m d\u2019altitude.\n<\/p>\n<\/div>\n","protected":false},"excerpt":{"rendered":"<div class=\"DefinicioCurta\">[fusion_global id=\"3945\"]<\/div>\n","protected":false},"featured_media":13949,"template":"","meta":{"_acf_changed":false},"product_brand":[],"product_cat":[336,105],"product_tag":[146,177,176,213,151,175],"class_list":{"0":"post-3954","1":"product","2":"type-product","3":"status-publish","4":"has-post-thumbnail","6":"product_cat-produit-unique","7":"product_cat-vin","8":"product_tag-ao-conca-de-barbera","9":"product_tag-clos-montblanc-fr","10":"product_tag-masia-les-comes-fr","11":"product_tag-merlot-fr","12":"product_tag-vin-ecologique","13":"product_tag-vin-rouge","14":"product_shipping_class-seur-fr","16":"first","17":"instock","18":"taxable","19":"shipping-taxable","20":"product-type-simple"},"acf":[],"_links":{"self":[{"href":"https:\/\/closmontblanc.com\/fr\/wp-json\/wp\/v2\/product\/3954","targetHints":{"allow":["GET"]}}],"collection":[{"href":"https:\/\/closmontblanc.com\/fr\/wp-json\/wp\/v2\/product"}],"about":[{"href":"https:\/\/closmontblanc.com\/fr\/wp-json\/wp\/v2\/types\/product"}],"wp:featuredmedia":[{"embeddable":true,"href":"https:\/\/closmontblanc.com\/fr\/wp-json\/wp\/v2\/media\/13949"}],"wp:attachment":[{"href":"https:\/\/closmontblanc.com\/fr\/wp-json\/wp\/v2\/media?parent=3954"}],"wp:term":[{"taxonomy":"product_brand","embeddable":true,"href":"https:\/\/closmontblanc.com\/fr\/wp-json\/wp\/v2\/product_brand?post=3954"},{"taxonomy":"product_cat","embeddable":true,"href":"https:\/\/closmontblanc.com\/fr\/wp-json\/wp\/v2\/product_cat?post=3954"},{"taxonomy":"product_tag","embeddable":true,"href":"https:\/\/closmontblanc.com\/fr\/wp-json\/wp\/v2\/product_tag?post=3954"}],"curies":[{"name":"wp","href":"https:\/\/api.w.org\/{rel}","templated":true}]}}