{"id":4020,"date":"2019-06-05T01:10:34","date_gmt":"2019-06-05T01:10:34","guid":{"rendered":"https:\/\/store.closmontblanc.com\/?post_type=product&#038;p=4020"},"modified":"2025-07-17T23:46:24","modified_gmt":"2025-07-17T21:46:24","slug":"xipella-blanc","status":"publish","type":"product","link":"https:\/\/closmontblanc.com\/fr\/cellier\/produit-heritage\/xipella-blanc\/","title":{"rendered":"XIPELLA BLANC 2024"},"content":{"rendered":"<div id=\"contenidorDescripcio\">\n<h2><strong>Un hommage \u00e0 notre terroir<\/strong><\/h2>\n<p><b>Vinification et \u00e9levage<\/b><br \/>\nApr\u00e8s un pressage doux, le mo\u00fbt est d\u00e9bourb\u00e9 et il passe dans des cuves en acier inoxydable pour fermenter \u00e0 une temp\u00e9rature contr\u00f4l\u00e9e d\u2019entre 14 et 18 \u00b0C.<\/p>\n<p><b>Note de d\u00e9gustation<br \/>\n<\/b>Robe couleur jaune p\u00e2le brillant avec des reflets verts. Ar\u00f4mes de fruit \u00e0 chair blanche (poire, pomme) avec des notes de citriques.<br \/>\nTr\u00e8s frais et avec une bonne acidit\u00e9. En bouche, il est long et rappelle la fra\u00eecheur du fruit.<\/p>\n<p><b>Type de vigne<\/b><br \/>\nVignes situ\u00e9es sous la montagne de Miramar, \u00e0 400 m d\u2019altitude.<\/p>\n<\/div>\n","protected":false},"excerpt":{"rendered":"<div class=\"DefinicioCurta\">[fusion_global id=\"4016\"]<\/div>\n","protected":false},"featured_media":11418,"template":"","meta":{"_acf_changed":false},"product_brand":[],"product_cat":[330,105],"product_tag":[195,146,177,232,176,233,197,151],"class_list":{"0":"post-4020","1":"product","2":"type-product","3":"status-publish","4":"has-post-thumbnail","6":"product_cat-produit-heritage","7":"product_cat-vin","8":"product_tag-agriculture-durable-vin","9":"product_tag-ao-conca-de-barbera","10":"product_tag-clos-montblanc-fr","11":"product_tag-macabeu-et-sauvignon-blanc","12":"product_tag-masia-les-comes-fr","13":"product_tag-parellada-fr","14":"product_tag-vin-blanc-jeune","15":"product_tag-vin-ecologique","16":"product_shipping_class-seur-fr","18":"first","19":"instock","20":"taxable","21":"shipping-taxable","22":"product-type-simple"},"acf":[],"_links":{"self":[{"href":"https:\/\/closmontblanc.com\/fr\/wp-json\/wp\/v2\/product\/4020","targetHints":{"allow":["GET"]}}],"collection":[{"href":"https:\/\/closmontblanc.com\/fr\/wp-json\/wp\/v2\/product"}],"about":[{"href":"https:\/\/closmontblanc.com\/fr\/wp-json\/wp\/v2\/types\/product"}],"wp:featuredmedia":[{"embeddable":true,"href":"https:\/\/closmontblanc.com\/fr\/wp-json\/wp\/v2\/media\/11418"}],"wp:attachment":[{"href":"https:\/\/closmontblanc.com\/fr\/wp-json\/wp\/v2\/media?parent=4020"}],"wp:term":[{"taxonomy":"product_brand","embeddable":true,"href":"https:\/\/closmontblanc.com\/fr\/wp-json\/wp\/v2\/product_brand?post=4020"},{"taxonomy":"product_cat","embeddable":true,"href":"https:\/\/closmontblanc.com\/fr\/wp-json\/wp\/v2\/product_cat?post=4020"},{"taxonomy":"product_tag","embeddable":true,"href":"https:\/\/closmontblanc.com\/fr\/wp-json\/wp\/v2\/product_tag?post=4020"}],"curies":[{"name":"wp","href":"https:\/\/api.w.org\/{rel}","templated":true}]}}