{"id":4052,"date":"2019-06-05T13:45:18","date_gmt":"2019-06-05T13:45:18","guid":{"rendered":"https:\/\/store.closmontblanc.com\/?post_type=product&#038;p=4052"},"modified":"2024-06-10T21:44:45","modified_gmt":"2024-06-10T19:44:45","slug":"xipella-rouge","status":"publish","type":"product","link":"https:\/\/closmontblanc.com\/fr\/cellier\/produit-heritage\/xipella-rouge\/","title":{"rendered":"XIPELLA ROUGE 2021"},"content":{"rendered":"<div id=\"contenidorDescripcio\">\n<p><h2><strong>Audacieux et surprenant<\/strong><\/h2>\n<p><b>Vinification et \u00e9levage<\/b><br \/>\nLe raisin fermente dans des cuves en acier inoxydable \u00e0 temp\u00e9rature contr\u00f4l\u00e9e entre 25 et 28 \u00b0C. Apr\u00e8s la fermentation malolactique, le vin est \u00e9lev\u00e9 en f\u00fbts vieux et neufs entre 12 et 16 mois.<\/p>\n<p><b>Note de d\u00e9gustation<br \/>\n<\/b>Vin rouge \u00e0 la couleur intense. Ar\u00f4me puissant de fruit m\u00fbr, notes min\u00e9rales et d\u2019\u00e9levage en f\u00fbt. En bouche, il est aimable et gourmand, avec des tanins fins bien int\u00e9gr\u00e9s, et une finale longue et persistante.<\/p>\n<p><b>Type de vigne<\/b><br \/>\nVignes situ\u00e9es autour du cellier, \u00e0 470 m d\u2019altitude.\n<\/p>\n<\/div>\n","protected":false},"excerpt":{"rendered":"<div class=\"DefinicioCurta\">[fusion_global id=\"4048\"]<\/div>\n","protected":false},"featured_media":11423,"template":"","meta":{"_acf_changed":false},"product_brand":[],"product_cat":[330,105],"product_tag":[195,146,245,177,176,175],"class_list":{"0":"post-4052","1":"product","2":"type-product","3":"status-publish","4":"has-post-thumbnail","6":"product_cat-produit-heritage","7":"product_cat-vin","8":"product_tag-agriculture-durable-vin","9":"product_tag-ao-conca-de-barbera","10":"product_tag-carignan-syrah-cabernet-sauvignon","11":"product_tag-clos-montblanc-fr","12":"product_tag-masia-les-comes-fr","13":"product_tag-vin-rouge","14":"product_shipping_class-seur-fr","16":"first","17":"instock","18":"taxable","19":"shipping-taxable","20":"product-type-simple"},"acf":[],"_links":{"self":[{"href":"https:\/\/closmontblanc.com\/fr\/wp-json\/wp\/v2\/product\/4052","targetHints":{"allow":["GET"]}}],"collection":[{"href":"https:\/\/closmontblanc.com\/fr\/wp-json\/wp\/v2\/product"}],"about":[{"href":"https:\/\/closmontblanc.com\/fr\/wp-json\/wp\/v2\/types\/product"}],"wp:featuredmedia":[{"embeddable":true,"href":"https:\/\/closmontblanc.com\/fr\/wp-json\/wp\/v2\/media\/11423"}],"wp:attachment":[{"href":"https:\/\/closmontblanc.com\/fr\/wp-json\/wp\/v2\/media?parent=4052"}],"wp:term":[{"taxonomy":"product_brand","embeddable":true,"href":"https:\/\/closmontblanc.com\/fr\/wp-json\/wp\/v2\/product_brand?post=4052"},{"taxonomy":"product_cat","embeddable":true,"href":"https:\/\/closmontblanc.com\/fr\/wp-json\/wp\/v2\/product_cat?post=4052"},{"taxonomy":"product_tag","embeddable":true,"href":"https:\/\/closmontblanc.com\/fr\/wp-json\/wp\/v2\/product_tag?post=4052"}],"curies":[{"name":"wp","href":"https:\/\/api.w.org\/{rel}","templated":true}]}}