{"id":4222,"date":"2019-06-08T23:42:22","date_gmt":"2019-06-08T23:42:22","guid":{"rendered":"https:\/\/store.closmontblanc.com\/?post_type=product&#038;p=4222"},"modified":"2024-02-12T12:06:15","modified_gmt":"2024-02-12T12:06:15","slug":"cava-brut-premium","status":"publish","type":"product","link":"https:\/\/closmontblanc.com\/fr\/cellier\/cavas-fr\/cava-brut-premium\/","title":{"rendered":"CAVA BRUT PREMIUM"},"content":{"rendered":"<div id=\"contenidorDescripcio\">\n<p><h2><strong>Un classique de Clos Montblanc<\/strong><\/h2>\n<p><b>Vinification et \u00e9levage<br \/>\n<\/b>\u00c9labor\u00e9 suivant la m\u00e9thode traditionnelle \u00e0 partir de l\u2019assemblage des meilleurs vins macabeu et parellada. \u00c9levage minimum entre 1 et 1,5 ans en bouteille.<\/p>\n<p><b>Note de d\u00e9gustation<br \/>\n<\/b>Robe jaune avec des reflets verts, bulle fine. Les ar\u00f4mes vari\u00e9taux se compl\u00e8tent de notes lact\u00e9es et un d\u2019un fond d\u00e9licat de fruit \u00e0 chaire blanche (pomme, poire). Il est agr\u00e9able en bouche, avec une acidit\u00e9 parfaitement \u00e9quilibr\u00e9e et un carbonique tr\u00e8s bien int\u00e9gr\u00e9, qui laisse un go\u00fbt ample et persistant.<\/p>\n<p><b>Type de vigne<br \/>\n<\/b>Vari\u00e9t\u00e9s autochtones de notre territoire.<\/p>\n<\/div>\n","protected":false},"excerpt":{"rendered":"<div class=\"DefinicioCurta\">[fusion_global id=\"4216\"]<\/div>\n","protected":false},"featured_media":13967,"template":"","meta":{"_acf_changed":false},"product_brand":[],"product_cat":[103],"product_tag":[264,263,269,177,273,176,233],"class_list":{"0":"post-4222","1":"product","2":"type-product","3":"status-publish","4":"has-post-thumbnail","6":"product_cat-cavas-fr","7":"product_tag-agriculture-durable-cava","8":"product_tag-ao-cava","9":"product_tag-cava-fr","10":"product_tag-clos-montblanc-fr","11":"product_tag-macabeu-fr","12":"product_tag-masia-les-comes-fr","13":"product_tag-parellada-fr","14":"product_shipping_class-seur-fr","16":"first","17":"instock","18":"taxable","19":"shipping-taxable","20":"product-type-simple"},"acf":[],"_links":{"self":[{"href":"https:\/\/closmontblanc.com\/fr\/wp-json\/wp\/v2\/product\/4222","targetHints":{"allow":["GET"]}}],"collection":[{"href":"https:\/\/closmontblanc.com\/fr\/wp-json\/wp\/v2\/product"}],"about":[{"href":"https:\/\/closmontblanc.com\/fr\/wp-json\/wp\/v2\/types\/product"}],"wp:featuredmedia":[{"embeddable":true,"href":"https:\/\/closmontblanc.com\/fr\/wp-json\/wp\/v2\/media\/13967"}],"wp:attachment":[{"href":"https:\/\/closmontblanc.com\/fr\/wp-json\/wp\/v2\/media?parent=4222"}],"wp:term":[{"taxonomy":"product_brand","embeddable":true,"href":"https:\/\/closmontblanc.com\/fr\/wp-json\/wp\/v2\/product_brand?post=4222"},{"taxonomy":"product_cat","embeddable":true,"href":"https:\/\/closmontblanc.com\/fr\/wp-json\/wp\/v2\/product_cat?post=4222"},{"taxonomy":"product_tag","embeddable":true,"href":"https:\/\/closmontblanc.com\/fr\/wp-json\/wp\/v2\/product_tag?post=4222"}],"curies":[{"name":"wp","href":"https:\/\/api.w.org\/{rel}","templated":true}]}}