{"id":4236,"date":"2019-06-09T00:58:19","date_gmt":"2019-06-09T00:58:19","guid":{"rendered":"https:\/\/store.closmontblanc.com\/?post_type=product&#038;p=4236"},"modified":"2025-10-10T14:48:21","modified_gmt":"2025-10-10T12:48:21","slug":"cava-brut-rose","status":"publish","type":"product","link":"https:\/\/closmontblanc.com\/fr\/cellier\/cavas-fr\/cava-brut-rose\/","title":{"rendered":"CAVA BRUT ROS\u00c9"},"content":{"rendered":"<div class=\"fusion-fullwidth fullwidth-box fusion-builder-row-1 fusion-flex-container nonhundred-percent-fullwidth non-hundred-percent-height-scrolling\" style=\"--awb-border-radius-top-left:0px;--awb-border-radius-top-right:0px;--awb-border-radius-bottom-right:0px;--awb-border-radius-bottom-left:0px;--awb-flex-wrap:wrap;\" ><div class=\"fusion-builder-row fusion-row fusion-flex-align-items-flex-start fusion-flex-content-wrap\" style=\"max-width:1216.8px;margin-left: calc(-4% \/ 2 );margin-right: calc(-4% \/ 2 );\"><div class=\"fusion-layout-column fusion_builder_column fusion-builder-column-0 fusion_builder_column_1_1 1_1 fusion-flex-column\" style=\"--awb-bg-blend:overlay;--awb-bg-size:cover;--awb-width-large:100%;--awb-margin-top-large:0px;--awb-spacing-right-large:1.92%;--awb-margin-bottom-large:0px;--awb-spacing-left-large:1.92%;--awb-width-medium:100%;--awb-spacing-right-medium:1.92%;--awb-spacing-left-medium:1.92%;--awb-width-small:100%;--awb-spacing-right-small:1.92%;--awb-spacing-left-small:1.92%;\"><div class=\"fusion-column-wrapper fusion-flex-justify-content-flex-start fusion-content-layout-column\"><div class=\"fusion-text fusion-text-1\"><div id=\"contenidorDescripcio\">\n<h2><strong>N\u00e9 pour devenir un ros\u00e9<\/strong><\/h2>\n<p><b>Vinification et \u00e9levage<br \/>\n<\/b>La pr\u00e9sence exclusive de la vari\u00e9t\u00e9 trepat dans nos cavas ros\u00e9s leur conf\u00e8re une personnalit\u00e9 unique, La Conca de Barber\u00e0 \u00e9tant le principal producteur de raisin et de vins \u00e9labor\u00e9s \u00e0 partir de cette vari\u00e9t\u00e9 autochtone. \u00c9levage de 10 mois au minimum en bouteille.<\/p>\n<p><b>Note de d\u00e9gustation<br \/>\n<\/b>D\u00e9couvrez un cava \u00e0 la robe couleur rose cerise prometteuse. Net et brillant, avec une bulle abondante et fine. On peut y retrouver des ar\u00f4mes frais de fraise propres \u00e0 cette vari\u00e9t\u00e9, qui apparaissent \u00e9galement en bouche de fa\u00e7on persistante, o\u00f9 l\u2019on pourra percevoir leur finesse et leur harmonie.<\/p>\n<p><b>Type de vigne<br \/>\n<\/b>M\u00e9lange de vari\u00e9t\u00e9s autochtones de notre territoire.<\/p>\n<\/div>\n<\/div><\/div><\/div><\/div><\/div>\n","protected":false},"excerpt":{"rendered":"<div class=\"DefinicioCurta\">[fusion_global id=\"4232\"]<\/div>\n","protected":false},"featured_media":13962,"template":"","meta":{"_acf_changed":false},"product_brand":[],"product_cat":[103],"product_tag":[264,263,269,177,176,225],"class_list":{"0":"post-4236","1":"product","2":"type-product","3":"status-publish","4":"has-post-thumbnail","6":"product_cat-cavas-fr","7":"product_tag-agriculture-durable-cava","8":"product_tag-ao-cava","9":"product_tag-cava-fr","10":"product_tag-clos-montblanc-fr","11":"product_tag-masia-les-comes-fr","12":"product_tag-trepat-fr","13":"product_shipping_class-seur-fr","15":"first","16":"instock","17":"taxable","18":"shipping-taxable","19":"product-type-simple"},"acf":[],"_links":{"self":[{"href":"https:\/\/closmontblanc.com\/fr\/wp-json\/wp\/v2\/product\/4236","targetHints":{"allow":["GET"]}}],"collection":[{"href":"https:\/\/closmontblanc.com\/fr\/wp-json\/wp\/v2\/product"}],"about":[{"href":"https:\/\/closmontblanc.com\/fr\/wp-json\/wp\/v2\/types\/product"}],"wp:featuredmedia":[{"embeddable":true,"href":"https:\/\/closmontblanc.com\/fr\/wp-json\/wp\/v2\/media\/13962"}],"wp:attachment":[{"href":"https:\/\/closmontblanc.com\/fr\/wp-json\/wp\/v2\/media?parent=4236"}],"wp:term":[{"taxonomy":"product_brand","embeddable":true,"href":"https:\/\/closmontblanc.com\/fr\/wp-json\/wp\/v2\/product_brand?post=4236"},{"taxonomy":"product_cat","embeddable":true,"href":"https:\/\/closmontblanc.com\/fr\/wp-json\/wp\/v2\/product_cat?post=4236"},{"taxonomy":"product_tag","embeddable":true,"href":"https:\/\/closmontblanc.com\/fr\/wp-json\/wp\/v2\/product_tag?post=4236"}],"curies":[{"name":"wp","href":"https:\/\/api.w.org\/{rel}","templated":true}]}}